{"id":8,"date":"2021-07-25T19:51:23","date_gmt":"2021-07-25T17:51:23","guid":{"rendered":"http:\/\/kine-praxis-tassin.fr\/?page_id=8"},"modified":"2022-06-05T14:53:43","modified_gmt":"2022-06-05T12:53:43","slug":"contact","status":"publish","type":"page","link":"http:\/\/kine-praxis-tassin.fr\/index.php\/contact\/","title":{"rendered":"Contact \/ Acc\u00e8s"},"content":{"rendered":"\t\t<div data-elementor-type=\"wp-page\" data-elementor-id=\"8\" class=\"elementor elementor-8\" data-elementor-settings=\"{&quot;ha_cmc_init_switcher&quot;:&quot;no&quot;}\">\n\t\t\t\t\t\t<section class=\"elementor-section elementor-top-section elementor-element elementor-element-2d65c72 elementor-section-boxed elementor-section-height-default elementor-section-height-default\" data-id=\"2d65c72\" data-element_type=\"section\" data-e-type=\"section\" data-settings=\"{&quot;_ha_eqh_enable&quot;:false}\">\n\t\t\t\t\t\t<div class=\"elementor-container elementor-column-gap-default\">\n\t\t\t\t\t<div class=\"elementor-column elementor-col-50 elementor-top-column elementor-element elementor-element-d8489e2\" data-id=\"d8489e2\" data-element_type=\"column\" data-e-type=\"column\">\n\t\t\t<div class=\"elementor-widget-wrap elementor-element-populated\">\n\t\t\t\t\t\t<div class=\"elementor-element elementor-element-1e6d26e elementor-widget elementor-widget-heading\" data-id=\"1e6d26e\" data-element_type=\"widget\" data-e-type=\"widget\" data-widget_type=\"heading.default\">\n\t\t\t\t<div class=\"elementor-widget-container\">\n\t\t\t\t\t<h2 class=\"elementor-heading-title elementor-size-large\">Nous contacter :<\/h2>\t\t\t\t<\/div>\n\t\t\t\t<\/div>\n\t\t\t\t<div class=\"elementor-element elementor-element-9e5be55 elementor-position-inline-start elementor-view-default elementor-mobile-position-block-start elementor-widget elementor-widget-icon-box\" data-id=\"9e5be55\" data-element_type=\"widget\" data-e-type=\"widget\" data-widget_type=\"icon-box.default\">\n\t\t\t\t<div class=\"elementor-widget-container\">\n\t\t\t\t\t\t\t<div class=\"elementor-icon-box-wrapper\">\n\n\t\t\t\t\t\t<div class=\"elementor-icon-box-icon\">\n\t\t\t\t<span  class=\"elementor-icon\">\n\t\t\t\t<i aria-hidden=\"true\" class=\"fas fa-phone-square-alt\"><\/i>\t\t\t\t<\/span>\n\t\t\t<\/div>\n\t\t\t\n\t\t\t\t\t\t<div class=\"elementor-icon-box-content\">\n\n\t\t\t\t\t\t\t\t\t<h3 class=\"elementor-icon-box-title\">\n\t\t\t\t\t\t<span  >\n\t\t\t\t\t\t\tTEL : 09 88 58 75 93\t\t\t\t\t\t<\/span>\n\t\t\t\t\t<\/h3>\n\t\t\t\t\n\t\t\t\t\n\t\t\t<\/div>\n\t\t\t\n\t\t<\/div>\n\t\t\t\t\t\t<\/div>\n\t\t\t\t<\/div>\n\t\t\t\t<div class=\"elementor-element elementor-element-c13dbab elementor-position-inline-start elementor-view-default elementor-mobile-position-block-start elementor-widget elementor-widget-icon-box\" data-id=\"c13dbab\" data-element_type=\"widget\" data-e-type=\"widget\" data-widget_type=\"icon-box.default\">\n\t\t\t\t<div class=\"elementor-widget-container\">\n\t\t\t\t\t\t\t<div class=\"elementor-icon-box-wrapper\">\n\n\t\t\t\t\t\t<div class=\"elementor-icon-box-icon\">\n\t\t\t\t<span  class=\"elementor-icon\">\n\t\t\t\t<i aria-hidden=\"true\" class=\"fas fa-phone-square-alt\"><\/i>\t\t\t\t<\/span>\n\t\t\t<\/div>\n\t\t\t\n\t\t\t\t\t\t<div class=\"elementor-icon-box-content\">\n\n\t\t\t\t\t\t\t\t\t<h3 class=\"elementor-icon-box-title\">\n\t\t\t\t\t\t<span  >\n\t\t\t\t\t\t\tEMAIL : kinepraxistassin@gmail.com\t\t\t\t\t\t<\/span>\n\t\t\t\t\t<\/h3>\n\t\t\t\t\n\t\t\t\t\n\t\t\t<\/div>\n\t\t\t\n\t\t<\/div>\n\t\t\t\t\t\t<\/div>\n\t\t\t\t<\/div>\n\t\t\t\t<div class=\"elementor-element elementor-element-509585c elementor-widget elementor-widget-heading\" data-id=\"509585c\" data-element_type=\"widget\" data-e-type=\"widget\" data-widget_type=\"heading.default\">\n\t\t\t\t<div class=\"elementor-widget-container\">\n\t\t\t\t\t<h2 class=\"elementor-heading-title elementor-size-large\">Nous rejoindre :<\/h2>\t\t\t\t<\/div>\n\t\t\t\t<\/div>\n\t\t\t\t<div class=\"elementor-element elementor-element-75da3fd elementor-widget elementor-widget-google_maps\" data-id=\"75da3fd\" data-element_type=\"widget\" data-e-type=\"widget\" data-widget_type=\"google_maps.default\">\n\t\t\t\t<div class=\"elementor-widget-container\">\n\t\t\t\t\t\t\t<div class=\"elementor-custom-embed\">\n\t\t\t<iframe loading=\"lazy\"\n\t\t\t\t\tsrc=\"https:\/\/maps.google.com\/maps?q=67%20route%20de%20paris%2069160&#038;t=m&#038;z=13&#038;output=embed&#038;iwloc=near\"\n\t\t\t\t\ttitle=\"67 route de paris 69160\"\n\t\t\t\t\taria-label=\"67 route de paris 69160\"\n\t\t\t><\/iframe>\n\t\t<\/div>\n\t\t\t\t\t\t<\/div>\n\t\t\t\t<\/div>\n\t\t\t\t<div class=\"elementor-element elementor-element-3c41b8b elementor-widget elementor-widget-heading\" data-id=\"3c41b8b\" data-element_type=\"widget\" data-e-type=\"widget\" data-widget_type=\"heading.default\">\n\t\t\t\t<div class=\"elementor-widget-container\">\n\t\t\t\t\t<h2 class=\"elementor-heading-title elementor-size-default\">Via Transports en commun :<\/h2>\t\t\t\t<\/div>\n\t\t\t\t<\/div>\n\t\t\t\t<div data-ha-element-link=\"{&quot;url&quot;:&quot;https:\\\/\\\/www.tcl.fr\\\/sites\\\/default\\\/files\\\/timetable\\\/Ligne%2086%20-%2030%20ao%C3%BBt%202021%20au%203%20juillet%202022.PDF&quot;,&quot;is_external&quot;:&quot;&quot;,&quot;nofollow&quot;:&quot;&quot;}\" style=\"cursor: pointer\" class=\"elementor-element elementor-element-6de0ebb elementor-widget elementor-widget-text-editor\" data-id=\"6de0ebb\" data-element_type=\"widget\" data-e-type=\"widget\" data-widget_type=\"text-editor.default\">\n\t\t\t\t<div class=\"elementor-widget-container\">\n\t\t\t\t\t\t\t\t\t<p>L&rsquo;arr\u00eat de bus se trouve en face du cabinet\u00a0<\/p><p>BUS 86 (Gorge de loup &#8211; La Tour de Salvagny Chambette)\u00a0 &#8211; Arr\u00eat CLOTILDE<\/p>\t\t\t\t\t\t\t\t<\/div>\n\t\t\t\t<\/div>\n\t\t\t\t<div class=\"elementor-element elementor-element-e861b47 elementor-widget elementor-widget-image\" data-id=\"e861b47\" data-element_type=\"widget\" data-e-type=\"widget\" data-widget_type=\"image.default\">\n\t\t\t\t<div class=\"elementor-widget-container\">\n\t\t\t\t\t\t\t\t\t\t\t\t\t\t\t<img fetchpriority=\"high\" decoding=\"async\" width=\"1024\" height=\"504\" src=\"http:\/\/kine-praxis-tassin.fr\/wp-content\/uploads\/2021\/09\/PLAN-BUS--1024x504.jpg\" class=\"attachment-large size-large wp-image-598\" alt=\"\" srcset=\"http:\/\/kine-praxis-tassin.fr\/wp-content\/uploads\/2021\/09\/PLAN-BUS--1024x504.jpg 1024w, http:\/\/kine-praxis-tassin.fr\/wp-content\/uploads\/2021\/09\/PLAN-BUS--300x148.jpg 300w, http:\/\/kine-praxis-tassin.fr\/wp-content\/uploads\/2021\/09\/PLAN-BUS--768x378.jpg 768w, http:\/\/kine-praxis-tassin.fr\/wp-content\/uploads\/2021\/09\/PLAN-BUS--1536x756.jpg 1536w, http:\/\/kine-praxis-tassin.fr\/wp-content\/uploads\/2021\/09\/PLAN-BUS--2048x1008.jpg 2048w\" sizes=\"(max-width: 1024px) 100vw, 1024px\" \/>\t\t\t\t\t\t\t\t\t\t\t\t\t\t\t<\/div>\n\t\t\t\t<\/div>\n\t\t\t\t\t<\/div>\n\t\t<\/div>\n\t\t\t\t<div class=\"elementor-column elementor-col-50 elementor-top-column elementor-element elementor-element-0d304f1\" data-id=\"0d304f1\" data-element_type=\"column\" data-e-type=\"column\">\n\t\t\t<div class=\"elementor-widget-wrap elementor-element-populated\">\n\t\t\t\t\t\t<div class=\"elementor-element elementor-element-a777309 elementor-widget elementor-widget-heading\" data-id=\"a777309\" data-element_type=\"widget\" data-e-type=\"widget\" data-widget_type=\"heading.default\">\n\t\t\t\t<div class=\"elementor-widget-container\">\n\t\t\t\t\t<h2 class=\"elementor-heading-title elementor-size-large\">Nous \u00e9crire :<\/h2>\t\t\t\t<\/div>\n\t\t\t\t<\/div>\n\t\t\t\t<div class=\"elementor-element elementor-element-e8b8c1c elementor-widget elementor-widget-formidable\" data-id=\"e8b8c1c\" data-element_type=\"widget\" data-e-type=\"widget\" data-widget_type=\"formidable.default\">\n\t\t\t\t<div class=\"elementor-widget-container\">\n\t\t\t\t\t<div class=\"frm_forms  with_frm_style frm_style_style-formidable\" id=\"frm_form_1_container\" >\n<form enctype=\"multipart\/form-data\" method=\"post\" class=\"frm-show-form \" id=\"form_contact-form\" >\n<div class=\"frm_form_fields \">\n<fieldset>\n<legend class=\"frm_screen_reader\">Contact Us<\/legend>\n\n<div class=\"frm_fields_container\">\n<input type=\"hidden\" name=\"frm_action\" value=\"create\" \/>\n<input type=\"hidden\" name=\"form_id\" value=\"1\" \/>\n<input type=\"hidden\" name=\"frm_hide_fields_1\" id=\"frm_hide_fields_1\" value=\"\" \/>\n<input type=\"hidden\" name=\"form_key\" value=\"contact-form\" \/>\n<input type=\"hidden\" name=\"item_meta[0]\" value=\"\" \/>\n<input type=\"hidden\" id=\"frm_submit_entry_1\" name=\"frm_submit_entry_1\" value=\"b5f722173e\" \/><input type=\"hidden\" name=\"_wp_http_referer\" value=\"\/index.php\/wp-json\/wp\/v2\/pages\/8\" \/><div id=\"frm_field_1_container\" class=\"frm_form_field form-field  frm_required_field frm_top_container frm_first frm_half\">\n    <label for=\"field_qh4icy\" id=\"field_qh4icy_label\" class=\"frm_primary_label\">NOM\n        <span class=\"frm_required\" aria-hidden=\"true\">*<\/span>\n    <\/label>\n    <input type=\"text\" id=\"field_qh4icy\" name=\"item_meta[1]\" value=\"\"  data-reqmsg=\"Ce champ ne peut pas \u00eatre vide\" aria-required=\"true\" data-invmsg=\"Name est non valide\" aria-invalid=\"false\"  \/>\n    \n    \n<\/div>\n<div id=\"frm_field_2_container\" class=\"frm_form_field form-field  frm_required_field frm_hidden_container frm_half\">\n    <label for=\"field_ocfup1\" id=\"field_ocfup1_label\" class=\"frm_primary_label\">Pr\u00e9nom\n        <span class=\"frm_required\" aria-hidden=\"true\">*<\/span>\n    <\/label>\n    <input type=\"text\" id=\"field_ocfup1\" name=\"item_meta[2]\" value=\"\"  data-reqmsg=\"Ce champ ne peut pas \u00eatre vide\" aria-required=\"true\" data-invmsg=\"Last est non valide\" aria-invalid=\"false\"  \/>\n    \n    \n<\/div>\n<div id=\"frm_field_3_container\" class=\"frm_form_field form-field  frm_required_field frm_top_container frm_full\">\n    <label for=\"field_29yf4d\" id=\"field_29yf4d_label\" class=\"frm_primary_label\">Email\n        <span class=\"frm_required\" aria-hidden=\"true\">*<\/span>\n    <\/label>\n    <input type=\"email\" id=\"field_29yf4d\" name=\"item_meta[3]\" value=\"\"  data-reqmsg=\"Ce champ ne peut pas \u00eatre vide\" aria-required=\"true\" data-invmsg=\"Please enter a valid email address\" aria-invalid=\"false\"  \/>\n    \n    \n<\/div>\n<div id=\"frm_field_7_container\" class=\"frm_form_field form-field  frm_top_container frm12 frm_first\">\n    <label for=\"field_1rwq5\" id=\"field_1rwq5_label\" class=\"frm_primary_label\">T\u00e9l\u00e9phone\n        <span class=\"frm_required\" aria-hidden=\"true\"><\/span>\n    <\/label>\n    <input type=\"tel\" id=\"field_1rwq5\" name=\"item_meta[7]\" value=\"\"  data-invmsg=\"T\u00e9l\u00e9phone est non valide\" aria-invalid=\"false\" pattern=\"((\\+\\d{1,3}(-|.| )?\\(?\\d\\)?(-| |.)?\\d{1,5})|(\\(?\\d{2,6}\\)?))(-|.| )?(\\d{3,4})(-|.| )?(\\d{4})(( x| ext)\\d{1,5}){0,1}$\"  \/>\n    \n    \n<\/div>\n<div id=\"frm_field_4_container\" class=\"frm_form_field form-field  frm_required_field frm_top_container frm_full\">\n    <label for=\"field_e6lis6\" id=\"field_e6lis6_label\" class=\"frm_primary_label\">Objet \n        <span class=\"frm_required\" aria-hidden=\"true\">*<\/span>\n    <\/label>\n    <input type=\"text\" id=\"field_e6lis6\" name=\"item_meta[4]\" value=\"\"  data-reqmsg=\"Ce champ ne peut pas \u00eatre vide\" aria-required=\"true\" data-invmsg=\"Subject est non valide\" aria-invalid=\"false\"  \/>\n    \n    \n<\/div>\n<div id=\"frm_field_5_container\" class=\"frm_form_field form-field  frm_required_field frm_top_container frm_full\">\n    <label for=\"field_9jv0r1\" id=\"field_9jv0r1_label\" class=\"frm_primary_label\">Message\n        <span class=\"frm_required\" aria-hidden=\"true\">*<\/span>\n    <\/label>\n    <textarea name=\"item_meta[5]\" id=\"field_9jv0r1\" rows=\"5\"  data-reqmsg=\"Ce champ ne peut pas \u00eatre vide\" aria-required=\"true\" data-invmsg=\"Message est non valide\" aria-invalid=\"false\"  ><\/textarea>\n    \n    \n<\/div>\n<div id=\"frm_field_8_container\" class=\"frm_form_field form-field  frm_none_container frm12 frm_first\">\n    <label for=\"g-recaptcha-response\" id=\"field_yrd7c_label\" class=\"frm_primary_label\">reCAPTCHA\n        <span class=\"frm_required\" aria-hidden=\"true\"><\/span>\n    <\/label>\n    <div  id=\"field_yrd7c\" class=\"frm-g-recaptcha\" data-sitekey=\"6LeL7UYgAAAAALohpVfL659AGK8MY_QdDN2Id3El\" data-size=\"invisible\" data-theme=\"light\"><\/div>\n    \n    \n<\/div>\n\t<input type=\"hidden\" name=\"item_key\" value=\"\" \/>\n\t\t\t<div id=\"frm_field_9_container\">\n\t\t\t<label for=\"field_n6ru\" >\n\t\t\t\tSi vous \u00eates un humain, ne remplissez pas ce champ.\t\t\t<\/label>\n\t\t\t<input  id=\"field_n6ru\" type=\"text\" class=\"frm_form_field form-field frm_verify\" name=\"item_meta[9]\" value=\"\"  \/>\n\t\t<\/div>\n\t\t<input name=\"frm_state\" type=\"hidden\" value=\"EtQAVf0baNTK4ScN5V6\/9o57TAM2cNNJ3q+0gl0gQAU=\" \/><div class=\"frm_submit\">\n\n<button class=\"frm_button_submit\" type=\"submit\"  >Envoyer<\/button>\n\n<\/div><\/div>\n<\/fieldset>\n<\/div>\n\n<\/form>\n<\/div>\n\t\t\t\t<\/div>\n\t\t\t\t<\/div>\n\t\t\t\t\t<\/div>\n\t\t<\/div>\n\t\t\t\t\t<\/div>\n\t\t<\/section>\n\t\t\t\t<\/div>\n\t\t","protected":false},"excerpt":{"rendered":"<p>Nous contacter : TEL : 09 88 58 75 93 EMAIL : kinepraxistassin@gmail.com Nous rejoindre : Via Transports en commun : L&rsquo;arr\u00eat de bus se trouve en face du cabinet\u00a0 BUS 86 (Gorge de loup &#8211; La Tour de Salvagny Chambette)\u00a0 &#8211; Arr\u00eat CLOTILDE Nous \u00e9crire : Contact Us NOM * Pr\u00e9nom * Email * [&hellip;]<\/p>\n","protected":false},"author":1,"featured_media":0,"parent":0,"menu_order":0,"comment_status":"closed","ping_status":"closed","template":"","meta":{"ocean_post_layout":"","ocean_both_sidebars_style":"","ocean_both_sidebars_content_width":0,"ocean_both_sidebars_sidebars_width":0,"ocean_sidebar":"0","ocean_second_sidebar":"0","ocean_disable_margins":"enable","ocean_add_body_class":"","ocean_shortcode_before_top_bar":"","ocean_shortcode_after_top_bar":"","ocean_shortcode_before_header":"","ocean_shortcode_after_header":"","ocean_has_shortcode":"","ocean_shortcode_after_title":"","ocean_shortcode_before_footer_widgets":"","ocean_shortcode_after_footer_widgets":"","ocean_shortcode_before_footer_bottom":"","ocean_shortcode_after_footer_bottom":"","ocean_display_top_bar":"default","ocean_display_header":"default","ocean_header_style":"","ocean_center_header_left_menu":"0","ocean_custom_header_template":"0","ocean_custom_logo":0,"ocean_custom_retina_logo":0,"ocean_custom_logo_max_width":0,"ocean_custom_logo_tablet_max_width":0,"ocean_custom_logo_mobile_max_width":0,"ocean_custom_logo_max_height":0,"ocean_custom_logo_tablet_max_height":0,"ocean_custom_logo_mobile_max_height":0,"ocean_header_custom_menu":"0","ocean_menu_typo_font_family":"0","ocean_menu_typo_font_subset":"","ocean_menu_typo_font_size":0,"ocean_menu_typo_font_size_tablet":0,"ocean_menu_typo_font_size_mobile":0,"ocean_menu_typo_font_size_unit":"px","ocean_menu_typo_font_weight":"","ocean_menu_typo_font_weight_tablet":"","ocean_menu_typo_font_weight_mobile":"","ocean_menu_typo_transform":"","ocean_menu_typo_transform_tablet":"","ocean_menu_typo_transform_mobile":"","ocean_menu_typo_line_height":0,"ocean_menu_typo_line_height_tablet":0,"ocean_menu_typo_line_height_mobile":0,"ocean_menu_typo_line_height_unit":"","ocean_menu_typo_spacing":0,"ocean_menu_typo_spacing_tablet":0,"ocean_menu_typo_spacing_mobile":0,"ocean_menu_typo_spacing_unit":"","ocean_menu_link_color":"","ocean_menu_link_color_hover":"","ocean_menu_link_color_active":"","ocean_menu_link_background":"","ocean_menu_link_hover_background":"","ocean_menu_link_active_background":"","ocean_menu_social_links_bg":"","ocean_menu_social_hover_links_bg":"","ocean_menu_social_links_color":"","ocean_menu_social_hover_links_color":"","ocean_disable_title":"default","ocean_disable_heading":"default","ocean_post_title":"","ocean_post_subheading":"","ocean_post_title_style":"","ocean_post_title_background_color":"","ocean_post_title_background":0,"ocean_post_title_bg_image_position":"","ocean_post_title_bg_image_attachment":"","ocean_post_title_bg_image_repeat":"","ocean_post_title_bg_image_size":"","ocean_post_title_height":0,"ocean_post_title_bg_overlay":0.5,"ocean_post_title_bg_overlay_color":"","ocean_disable_breadcrumbs":"default","ocean_breadcrumbs_color":"","ocean_breadcrumbs_separator_color":"","ocean_breadcrumbs_links_color":"","ocean_breadcrumbs_links_hover_color":"","ocean_display_footer_widgets":"default","ocean_display_footer_bottom":"default","ocean_custom_footer_template":"0","footnotes":""},"class_list":["post-8","page","type-page","status-publish","hentry","entry"],"yoast_head":"<!-- This site is optimized with the Yoast SEO plugin v26.0 - https:\/\/yoast.com\/wordpress\/plugins\/seo\/ -->\n<title>Contact \/ Acc\u00e8s - Kin\u00e9 Praxis tassin<\/title>\n<meta name=\"robots\" content=\"index, follow, max-snippet:-1, max-image-preview:large, max-video-preview:-1\" \/>\n<link rel=\"canonical\" href=\"http:\/\/kine-praxis-tassin.fr\/index.php\/contact\/\" \/>\n<meta property=\"og:locale\" content=\"fr_FR\" \/>\n<meta property=\"og:type\" content=\"article\" \/>\n<meta property=\"og:title\" content=\"Contact \/ Acc\u00e8s - Kin\u00e9 Praxis tassin\" \/>\n<meta property=\"og:description\" content=\"Nous contacter : TEL : 09 88 58 75 93 EMAIL : kinepraxistassin@gmail.com Nous rejoindre : Via Transports en commun : L&rsquo;arr\u00eat de bus se trouve en face du cabinet\u00a0 BUS 86 (Gorge de loup &#8211; La Tour de Salvagny Chambette)\u00a0 &#8211; Arr\u00eat CLOTILDE Nous \u00e9crire : Contact Us NOM * Pr\u00e9nom * Email * [&hellip;]\" \/>\n<meta property=\"og:url\" content=\"http:\/\/kine-praxis-tassin.fr\/index.php\/contact\/\" \/>\n<meta property=\"og:site_name\" content=\"Kin\u00e9 Praxis tassin\" \/>\n<meta property=\"article:publisher\" content=\"https:\/\/www.facebook.com\/Kinepraxistassin\" \/>\n<meta property=\"article:modified_time\" content=\"2022-06-05T12:53:43+00:00\" \/>\n<meta property=\"og:image\" content=\"http:\/\/kine-praxis-tassin.fr\/wp-content\/uploads\/2021\/09\/PLAN-BUS--1024x504.jpg\" \/>\n<meta name=\"twitter:card\" content=\"summary_large_image\" \/>\n<meta name=\"twitter:label1\" content=\"Dur\u00e9e de lecture estim\u00e9e\" \/>\n\t<meta name=\"twitter:data1\" content=\"1 minute\" \/>\n<script type=\"application\/ld+json\" class=\"yoast-schema-graph\">{\"@context\":\"https:\/\/schema.org\",\"@graph\":[{\"@type\":\"WebPage\",\"@id\":\"http:\/\/kine-praxis-tassin.fr\/index.php\/contact\/\",\"url\":\"http:\/\/kine-praxis-tassin.fr\/index.php\/contact\/\",\"name\":\"Contact \/ Acc\u00e8s - Kin\u00e9 Praxis tassin\",\"isPartOf\":{\"@id\":\"https:\/\/kine-praxis-tassin.fr\/#website\"},\"primaryImageOfPage\":{\"@id\":\"http:\/\/kine-praxis-tassin.fr\/index.php\/contact\/#primaryimage\"},\"image\":{\"@id\":\"http:\/\/kine-praxis-tassin.fr\/index.php\/contact\/#primaryimage\"},\"thumbnailUrl\":\"http:\/\/kine-praxis-tassin.fr\/wp-content\/uploads\/2021\/09\/PLAN-BUS--1024x504.jpg\",\"datePublished\":\"2021-07-25T17:51:23+00:00\",\"dateModified\":\"2022-06-05T12:53:43+00:00\",\"breadcrumb\":{\"@id\":\"http:\/\/kine-praxis-tassin.fr\/index.php\/contact\/#breadcrumb\"},\"inLanguage\":\"fr-FR\",\"potentialAction\":[{\"@type\":\"ReadAction\",\"target\":[\"http:\/\/kine-praxis-tassin.fr\/index.php\/contact\/\"]}]},{\"@type\":\"ImageObject\",\"inLanguage\":\"fr-FR\",\"@id\":\"http:\/\/kine-praxis-tassin.fr\/index.php\/contact\/#primaryimage\",\"url\":\"http:\/\/kine-praxis-tassin.fr\/wp-content\/uploads\/2021\/09\/PLAN-BUS--1024x504.jpg\",\"contentUrl\":\"http:\/\/kine-praxis-tassin.fr\/wp-content\/uploads\/2021\/09\/PLAN-BUS--1024x504.jpg\"},{\"@type\":\"BreadcrumbList\",\"@id\":\"http:\/\/kine-praxis-tassin.fr\/index.php\/contact\/#breadcrumb\",\"itemListElement\":[{\"@type\":\"ListItem\",\"position\":1,\"name\":\"Accueil\",\"item\":\"https:\/\/kine-praxis-tassin.fr\/\"},{\"@type\":\"ListItem\",\"position\":2,\"name\":\"Contact \/ Acc\u00e8s\"}]},{\"@type\":\"WebSite\",\"@id\":\"https:\/\/kine-praxis-tassin.fr\/#website\",\"url\":\"https:\/\/kine-praxis-tassin.fr\/\",\"name\":\"Kin\u00e9 Praxis tassin\",\"description\":\"cabinet kin\u00e9sith\u00e9rapie\",\"publisher\":{\"@id\":\"https:\/\/kine-praxis-tassin.fr\/#organization\"},\"potentialAction\":[{\"@type\":\"SearchAction\",\"target\":{\"@type\":\"EntryPoint\",\"urlTemplate\":\"https:\/\/kine-praxis-tassin.fr\/?s={search_term_string}\"},\"query-input\":{\"@type\":\"PropertyValueSpecification\",\"valueRequired\":true,\"valueName\":\"search_term_string\"}}],\"inLanguage\":\"fr-FR\"},{\"@type\":\"Organization\",\"@id\":\"https:\/\/kine-praxis-tassin.fr\/#organization\",\"name\":\"Kin\u00e9 praxis tassin\",\"url\":\"https:\/\/kine-praxis-tassin.fr\/\",\"logo\":{\"@type\":\"ImageObject\",\"inLanguage\":\"fr-FR\",\"@id\":\"https:\/\/kine-praxis-tassin.fr\/#\/schema\/logo\/image\/\",\"url\":\"http:\/\/kine-praxis-tassin.fr\/wp-content\/uploads\/2021\/10\/logo-kine-praxis-web-1.png\",\"contentUrl\":\"http:\/\/kine-praxis-tassin.fr\/wp-content\/uploads\/2021\/10\/logo-kine-praxis-web-1.png\",\"width\":204,\"height\":204,\"caption\":\"Kin\u00e9 praxis tassin\"},\"image\":{\"@id\":\"https:\/\/kine-praxis-tassin.fr\/#\/schema\/logo\/image\/\"},\"sameAs\":[\"https:\/\/www.facebook.com\/Kinepraxistassin\"]}]}<\/script>\n<!-- \/ Yoast SEO plugin. -->","yoast_head_json":{"title":"Contact \/ Acc\u00e8s - Kin\u00e9 Praxis tassin","robots":{"index":"index","follow":"follow","max-snippet":"max-snippet:-1","max-image-preview":"max-image-preview:large","max-video-preview":"max-video-preview:-1"},"canonical":"http:\/\/kine-praxis-tassin.fr\/index.php\/contact\/","og_locale":"fr_FR","og_type":"article","og_title":"Contact \/ Acc\u00e8s - Kin\u00e9 Praxis tassin","og_description":"Nous contacter : TEL : 09 88 58 75 93 EMAIL : kinepraxistassin@gmail.com Nous rejoindre : Via Transports en commun : L&rsquo;arr\u00eat de bus se trouve en face du cabinet\u00a0 BUS 86 (Gorge de loup &#8211; La Tour de Salvagny Chambette)\u00a0 &#8211; Arr\u00eat CLOTILDE Nous \u00e9crire : Contact Us NOM * Pr\u00e9nom * Email * [&hellip;]","og_url":"http:\/\/kine-praxis-tassin.fr\/index.php\/contact\/","og_site_name":"Kin\u00e9 Praxis tassin","article_publisher":"https:\/\/www.facebook.com\/Kinepraxistassin","article_modified_time":"2022-06-05T12:53:43+00:00","og_image":[{"url":"http:\/\/kine-praxis-tassin.fr\/wp-content\/uploads\/2021\/09\/PLAN-BUS--1024x504.jpg","type":"","width":"","height":""}],"twitter_card":"summary_large_image","twitter_misc":{"Dur\u00e9e de lecture estim\u00e9e":"1 minute"},"schema":{"@context":"https:\/\/schema.org","@graph":[{"@type":"WebPage","@id":"http:\/\/kine-praxis-tassin.fr\/index.php\/contact\/","url":"http:\/\/kine-praxis-tassin.fr\/index.php\/contact\/","name":"Contact \/ Acc\u00e8s - Kin\u00e9 Praxis tassin","isPartOf":{"@id":"https:\/\/kine-praxis-tassin.fr\/#website"},"primaryImageOfPage":{"@id":"http:\/\/kine-praxis-tassin.fr\/index.php\/contact\/#primaryimage"},"image":{"@id":"http:\/\/kine-praxis-tassin.fr\/index.php\/contact\/#primaryimage"},"thumbnailUrl":"http:\/\/kine-praxis-tassin.fr\/wp-content\/uploads\/2021\/09\/PLAN-BUS--1024x504.jpg","datePublished":"2021-07-25T17:51:23+00:00","dateModified":"2022-06-05T12:53:43+00:00","breadcrumb":{"@id":"http:\/\/kine-praxis-tassin.fr\/index.php\/contact\/#breadcrumb"},"inLanguage":"fr-FR","potentialAction":[{"@type":"ReadAction","target":["http:\/\/kine-praxis-tassin.fr\/index.php\/contact\/"]}]},{"@type":"ImageObject","inLanguage":"fr-FR","@id":"http:\/\/kine-praxis-tassin.fr\/index.php\/contact\/#primaryimage","url":"http:\/\/kine-praxis-tassin.fr\/wp-content\/uploads\/2021\/09\/PLAN-BUS--1024x504.jpg","contentUrl":"http:\/\/kine-praxis-tassin.fr\/wp-content\/uploads\/2021\/09\/PLAN-BUS--1024x504.jpg"},{"@type":"BreadcrumbList","@id":"http:\/\/kine-praxis-tassin.fr\/index.php\/contact\/#breadcrumb","itemListElement":[{"@type":"ListItem","position":1,"name":"Accueil","item":"https:\/\/kine-praxis-tassin.fr\/"},{"@type":"ListItem","position":2,"name":"Contact \/ Acc\u00e8s"}]},{"@type":"WebSite","@id":"https:\/\/kine-praxis-tassin.fr\/#website","url":"https:\/\/kine-praxis-tassin.fr\/","name":"Kin\u00e9 Praxis tassin","description":"cabinet kin\u00e9sith\u00e9rapie","publisher":{"@id":"https:\/\/kine-praxis-tassin.fr\/#organization"},"potentialAction":[{"@type":"SearchAction","target":{"@type":"EntryPoint","urlTemplate":"https:\/\/kine-praxis-tassin.fr\/?s={search_term_string}"},"query-input":{"@type":"PropertyValueSpecification","valueRequired":true,"valueName":"search_term_string"}}],"inLanguage":"fr-FR"},{"@type":"Organization","@id":"https:\/\/kine-praxis-tassin.fr\/#organization","name":"Kin\u00e9 praxis tassin","url":"https:\/\/kine-praxis-tassin.fr\/","logo":{"@type":"ImageObject","inLanguage":"fr-FR","@id":"https:\/\/kine-praxis-tassin.fr\/#\/schema\/logo\/image\/","url":"http:\/\/kine-praxis-tassin.fr\/wp-content\/uploads\/2021\/10\/logo-kine-praxis-web-1.png","contentUrl":"http:\/\/kine-praxis-tassin.fr\/wp-content\/uploads\/2021\/10\/logo-kine-praxis-web-1.png","width":204,"height":204,"caption":"Kin\u00e9 praxis tassin"},"image":{"@id":"https:\/\/kine-praxis-tassin.fr\/#\/schema\/logo\/image\/"},"sameAs":["https:\/\/www.facebook.com\/Kinepraxistassin"]}]}},"_links":{"self":[{"href":"http:\/\/kine-praxis-tassin.fr\/index.php\/wp-json\/wp\/v2\/pages\/8","targetHints":{"allow":["GET"]}}],"collection":[{"href":"http:\/\/kine-praxis-tassin.fr\/index.php\/wp-json\/wp\/v2\/pages"}],"about":[{"href":"http:\/\/kine-praxis-tassin.fr\/index.php\/wp-json\/wp\/v2\/types\/page"}],"author":[{"embeddable":true,"href":"http:\/\/kine-praxis-tassin.fr\/index.php\/wp-json\/wp\/v2\/users\/1"}],"replies":[{"embeddable":true,"href":"http:\/\/kine-praxis-tassin.fr\/index.php\/wp-json\/wp\/v2\/comments?post=8"}],"version-history":[{"count":51,"href":"http:\/\/kine-praxis-tassin.fr\/index.php\/wp-json\/wp\/v2\/pages\/8\/revisions"}],"predecessor-version":[{"id":965,"href":"http:\/\/kine-praxis-tassin.fr\/index.php\/wp-json\/wp\/v2\/pages\/8\/revisions\/965"}],"wp:attachment":[{"href":"http:\/\/kine-praxis-tassin.fr\/index.php\/wp-json\/wp\/v2\/media?parent=8"}],"curies":[{"name":"wp","href":"https:\/\/api.w.org\/{rel}","templated":true}]}}