{"id":829,"date":"2021-10-30T09:48:33","date_gmt":"2021-10-30T07:48:33","guid":{"rendered":"http:\/\/kine-praxis-tassin.fr\/?page_id=829"},"modified":"2025-04-21T22:26:05","modified_gmt":"2025-04-21T20:26:05","slug":"tarifs-et-modalites-de-paiement","status":"publish","type":"page","link":"http:\/\/kine-praxis-tassin.fr\/index.php\/tarifs-et-modalites-de-paiement\/","title":{"rendered":"Tarifs et modalit\u00e9s de paiement"},"content":{"rendered":"\t\t<div data-elementor-type=\"wp-page\" data-elementor-id=\"829\" class=\"elementor elementor-829\" data-elementor-settings=\"{&quot;ha_cmc_init_switcher&quot;:&quot;no&quot;}\">\n\t\t\t\t\t\t<section class=\"elementor-section elementor-top-section elementor-element elementor-element-2d2affa elementor-section-boxed elementor-section-height-default elementor-section-height-default\" data-id=\"2d2affa\" data-element_type=\"section\" data-e-type=\"section\" data-settings=\"{&quot;_ha_eqh_enable&quot;:false}\">\n\t\t\t\t\t\t<div class=\"elementor-container elementor-column-gap-default\">\n\t\t\t\t\t<div class=\"elementor-column elementor-col-100 elementor-top-column elementor-element elementor-element-c696ddf\" data-id=\"c696ddf\" data-element_type=\"column\" data-e-type=\"column\">\n\t\t\t<div class=\"elementor-widget-wrap elementor-element-populated\">\n\t\t\t\t\t\t<div class=\"elementor-element elementor-element-20f3e59 elementor-widget elementor-widget-heading\" data-id=\"20f3e59\" data-element_type=\"widget\" data-e-type=\"widget\" data-widget_type=\"heading.default\">\n\t\t\t\t<div class=\"elementor-widget-container\">\n\t\t\t\t\t<h2 class=\"elementor-heading-title elementor-size-default\">Tarifs<\/h2>\t\t\t\t<\/div>\n\t\t\t\t<\/div>\n\t\t\t\t\t<\/div>\n\t\t<\/div>\n\t\t\t\t\t<\/div>\n\t\t<\/section>\n\t\t\t\t<section class=\"elementor-section elementor-top-section elementor-element elementor-element-fdd181a elementor-section-boxed elementor-section-height-default elementor-section-height-default\" data-id=\"fdd181a\" data-element_type=\"section\" data-e-type=\"section\" data-settings=\"{&quot;_ha_eqh_enable&quot;:false}\">\n\t\t\t\t\t\t<div class=\"elementor-container elementor-column-gap-default\">\n\t\t\t\t\t<div class=\"elementor-column elementor-col-100 elementor-top-column elementor-element elementor-element-2d6e306\" data-id=\"2d6e306\" data-element_type=\"column\" data-e-type=\"column\">\n\t\t\t<div class=\"elementor-widget-wrap elementor-element-populated\">\n\t\t\t\t\t\t<div class=\"elementor-element elementor-element-10ae738 elementor-widget elementor-widget-text-editor\" data-id=\"10ae738\" data-element_type=\"widget\" data-e-type=\"widget\" data-widget_type=\"text-editor.default\">\n\t\t\t\t<div class=\"elementor-widget-container\">\n\t\t\t\t\t\t\t\t\t<p>&nbsp;Chaque kin\u00e9sith\u00e9rapeute est <strong>conventionn\u00e9<\/strong> par la s\u00e9curit\u00e9 sociale, mais nous appliquons un <strong>d\u00e9passement d&rsquo;honoraire de 5 euros par s\u00e9ance<\/strong>.<\/p>\n<p>Cela signifie que si vous \u00eates affili\u00e9 \u00e0 la CPAM et que vous avez une mutuelle, vous avancerez l&rsquo;enti\u00e8ret\u00e9 des soins mais serez rembours\u00e9 presque enti\u00e8rement car seul le d\u00e9passement restera \u00e0 votre charge.<\/p>\n<p>En cas de difficult\u00e9 de paiement, merci de vous adresser \u00e0 nos professionnels qui vous proposeront d&rsquo;autres solutions.&nbsp;<\/p>\n<p><span style=\"text-decoration: underline;\">NB :<\/span> Le d\u00e9passement ne s&rsquo;applique ni pour les ALD ni pour la CMU.<\/p>\t\t\t\t\t\t\t\t<\/div>\n\t\t\t\t<\/div>\n\t\t\t\t\t<\/div>\n\t\t<\/div>\n\t\t\t\t\t<\/div>\n\t\t<\/section>\n\t\t\t\t<section class=\"elementor-section elementor-top-section elementor-element elementor-element-91d3207 elementor-section-boxed elementor-section-height-default elementor-section-height-default\" data-id=\"91d3207\" data-element_type=\"section\" data-e-type=\"section\" data-settings=\"{&quot;_ha_eqh_enable&quot;:false}\">\n\t\t\t\t\t\t<div class=\"elementor-container elementor-column-gap-default\">\n\t\t\t\t\t<div class=\"elementor-column elementor-col-100 elementor-top-column elementor-element elementor-element-3b331bf\" data-id=\"3b331bf\" data-element_type=\"column\" data-e-type=\"column\">\n\t\t\t<div class=\"elementor-widget-wrap elementor-element-populated\">\n\t\t\t\t\t\t<div class=\"elementor-element elementor-element-d4434ef elementor-widget elementor-widget-heading\" data-id=\"d4434ef\" data-element_type=\"widget\" data-e-type=\"widget\" data-widget_type=\"heading.default\">\n\t\t\t\t<div class=\"elementor-widget-container\">\n\t\t\t\t\t<h2 class=\"elementor-heading-title elementor-size-default\">Modalit\u00e9s de paiement<\/h2>\t\t\t\t<\/div>\n\t\t\t\t<\/div>\n\t\t\t\t\t<\/div>\n\t\t<\/div>\n\t\t\t\t\t<\/div>\n\t\t<\/section>\n\t\t\t\t<section class=\"elementor-section elementor-top-section elementor-element elementor-element-dfc35c6 elementor-section-boxed elementor-section-height-default elementor-section-height-default\" data-id=\"dfc35c6\" data-element_type=\"section\" data-e-type=\"section\" data-settings=\"{&quot;_ha_eqh_enable&quot;:false}\">\n\t\t\t\t\t\t<div class=\"elementor-container elementor-column-gap-default\">\n\t\t\t\t\t<div class=\"elementor-column elementor-col-100 elementor-top-column elementor-element elementor-element-528bd08\" data-id=\"528bd08\" data-element_type=\"column\" data-e-type=\"column\">\n\t\t\t<div class=\"elementor-widget-wrap elementor-element-populated\">\n\t\t\t\t\t\t<div class=\"elementor-element elementor-element-5605faf elementor-widget elementor-widget-text-editor\" data-id=\"5605faf\" data-element_type=\"widget\" data-e-type=\"widget\" data-widget_type=\"text-editor.default\">\n\t\t\t\t<div class=\"elementor-widget-container\">\n\t\t\t\t\t\t\t\t\t<p>Le cabinet est \u00e9quip\u00e9 d&rsquo;un terminal de paiement \u00e9lectronique afin que vous puissiez r\u00e9gler par carte bancaire.\u00a0<\/p><p>Nous acceptons \u00e9galement le paiement en esp\u00e8ces et les ch\u00e8ques.\u00a0<\/p>\t\t\t\t\t\t\t\t<\/div>\n\t\t\t\t<\/div>\n\t\t\t\t\t<\/div>\n\t\t<\/div>\n\t\t\t\t\t<\/div>\n\t\t<\/section>\n\t\t\t\t<\/div>\n\t\t","protected":false},"excerpt":{"rendered":"<p>Tarifs &nbsp;Chaque kin\u00e9sith\u00e9rapeute est conventionn\u00e9 par la s\u00e9curit\u00e9 sociale, mais nous appliquons un d\u00e9passement d&rsquo;honoraire de 5 euros par s\u00e9ance. Cela signifie que si vous \u00eates affili\u00e9 \u00e0 la CPAM et que vous avez une mutuelle, vous avancerez l&rsquo;enti\u00e8ret\u00e9 des soins mais serez rembours\u00e9 presque enti\u00e8rement car seul le d\u00e9passement restera \u00e0 votre charge. En [&hellip;]<\/p>\n","protected":false},"author":1,"featured_media":0,"parent":0,"menu_order":0,"comment_status":"closed","ping_status":"closed","template":"","meta":{"ocean_post_layout":"","ocean_both_sidebars_style":"","ocean_both_sidebars_content_width":0,"ocean_both_sidebars_sidebars_width":0,"ocean_sidebar":"0","ocean_second_sidebar":"0","ocean_disable_margins":"enable","ocean_add_body_class":"","ocean_shortcode_before_top_bar":"","ocean_shortcode_after_top_bar":"","ocean_shortcode_before_header":"","ocean_shortcode_after_header":"","ocean_has_shortcode":"","ocean_shortcode_after_title":"","ocean_shortcode_before_footer_widgets":"","ocean_shortcode_after_footer_widgets":"","ocean_shortcode_before_footer_bottom":"","ocean_shortcode_after_footer_bottom":"","ocean_display_top_bar":"default","ocean_display_header":"default","ocean_header_style":"","ocean_center_header_left_menu":"0","ocean_custom_header_template":"0","ocean_custom_logo":0,"ocean_custom_retina_logo":0,"ocean_custom_logo_max_width":0,"ocean_custom_logo_tablet_max_width":0,"ocean_custom_logo_mobile_max_width":0,"ocean_custom_logo_max_height":0,"ocean_custom_logo_tablet_max_height":0,"ocean_custom_logo_mobile_max_height":0,"ocean_header_custom_menu":"0","ocean_menu_typo_font_family":"0","ocean_menu_typo_font_subset":"","ocean_menu_typo_font_size":0,"ocean_menu_typo_font_size_tablet":0,"ocean_menu_typo_font_size_mobile":0,"ocean_menu_typo_font_size_unit":"px","ocean_menu_typo_font_weight":"","ocean_menu_typo_font_weight_tablet":"","ocean_menu_typo_font_weight_mobile":"","ocean_menu_typo_transform":"","ocean_menu_typo_transform_tablet":"","ocean_menu_typo_transform_mobile":"","ocean_menu_typo_line_height":0,"ocean_menu_typo_line_height_tablet":0,"ocean_menu_typo_line_height_mobile":0,"ocean_menu_typo_line_height_unit":"","ocean_menu_typo_spacing":0,"ocean_menu_typo_spacing_tablet":0,"ocean_menu_typo_spacing_mobile":0,"ocean_menu_typo_spacing_unit":"","ocean_menu_link_color":"","ocean_menu_link_color_hover":"","ocean_menu_link_color_active":"","ocean_menu_link_background":"","ocean_menu_link_hover_background":"","ocean_menu_link_active_background":"","ocean_menu_social_links_bg":"","ocean_menu_social_hover_links_bg":"","ocean_menu_social_links_color":"","ocean_menu_social_hover_links_color":"","ocean_disable_title":"default","ocean_disable_heading":"default","ocean_post_title":"","ocean_post_subheading":"","ocean_post_title_style":"","ocean_post_title_background_color":"","ocean_post_title_background":0,"ocean_post_title_bg_image_position":"","ocean_post_title_bg_image_attachment":"","ocean_post_title_bg_image_repeat":"","ocean_post_title_bg_image_size":"","ocean_post_title_height":0,"ocean_post_title_bg_overlay":0.5,"ocean_post_title_bg_overlay_color":"","ocean_disable_breadcrumbs":"default","ocean_breadcrumbs_color":"","ocean_breadcrumbs_separator_color":"","ocean_breadcrumbs_links_color":"","ocean_breadcrumbs_links_hover_color":"","ocean_display_footer_widgets":"default","ocean_display_footer_bottom":"default","ocean_custom_footer_template":"0","footnotes":""},"class_list":["post-829","page","type-page","status-publish","hentry","entry"],"yoast_head":"<!-- This site is optimized with the Yoast SEO plugin v26.0 - https:\/\/yoast.com\/wordpress\/plugins\/seo\/ -->\n<title>Tarifs et modalit\u00e9s de paiement - Kin\u00e9 Praxis tassin<\/title>\n<meta name=\"robots\" content=\"index, follow, max-snippet:-1, max-image-preview:large, max-video-preview:-1\" \/>\n<link rel=\"canonical\" href=\"http:\/\/kine-praxis-tassin.fr\/index.php\/tarifs-et-modalites-de-paiement\/\" \/>\n<meta property=\"og:locale\" content=\"fr_FR\" \/>\n<meta property=\"og:type\" content=\"article\" \/>\n<meta property=\"og:title\" content=\"Tarifs et modalit\u00e9s de paiement - Kin\u00e9 Praxis tassin\" \/>\n<meta property=\"og:description\" content=\"Tarifs &nbsp;Chaque kin\u00e9sith\u00e9rapeute est conventionn\u00e9 par la s\u00e9curit\u00e9 sociale, mais nous appliquons un d\u00e9passement d&rsquo;honoraire de 5 euros par s\u00e9ance. Cela signifie que si vous \u00eates affili\u00e9 \u00e0 la CPAM et que vous avez une mutuelle, vous avancerez l&rsquo;enti\u00e8ret\u00e9 des soins mais serez rembours\u00e9 presque enti\u00e8rement car seul le d\u00e9passement restera \u00e0 votre charge. En [&hellip;]\" \/>\n<meta property=\"og:url\" content=\"http:\/\/kine-praxis-tassin.fr\/index.php\/tarifs-et-modalites-de-paiement\/\" \/>\n<meta property=\"og:site_name\" content=\"Kin\u00e9 Praxis tassin\" \/>\n<meta property=\"article:publisher\" content=\"https:\/\/www.facebook.com\/Kinepraxistassin\" \/>\n<meta property=\"article:modified_time\" content=\"2025-04-21T20:26:05+00:00\" \/>\n<meta property=\"og:image\" content=\"http:\/\/kine-praxis-tassin.fr\/wp-content\/uploads\/2021\/10\/logo-kine-praxis-web-1.png\" \/>\n\t<meta property=\"og:image:width\" content=\"204\" \/>\n\t<meta property=\"og:image:height\" content=\"204\" \/>\n\t<meta property=\"og:image:type\" content=\"image\/png\" \/>\n<meta name=\"twitter:card\" content=\"summary_large_image\" \/>\n<meta name=\"twitter:label1\" content=\"Dur\u00e9e de lecture estim\u00e9e\" \/>\n\t<meta name=\"twitter:data1\" content=\"1 minute\" \/>\n<script type=\"application\/ld+json\" class=\"yoast-schema-graph\">{\"@context\":\"https:\/\/schema.org\",\"@graph\":[{\"@type\":\"WebPage\",\"@id\":\"http:\/\/kine-praxis-tassin.fr\/index.php\/tarifs-et-modalites-de-paiement\/\",\"url\":\"http:\/\/kine-praxis-tassin.fr\/index.php\/tarifs-et-modalites-de-paiement\/\",\"name\":\"Tarifs et modalit\u00e9s de paiement - Kin\u00e9 Praxis tassin\",\"isPartOf\":{\"@id\":\"https:\/\/kine-praxis-tassin.fr\/#website\"},\"datePublished\":\"2021-10-30T07:48:33+00:00\",\"dateModified\":\"2025-04-21T20:26:05+00:00\",\"breadcrumb\":{\"@id\":\"http:\/\/kine-praxis-tassin.fr\/index.php\/tarifs-et-modalites-de-paiement\/#breadcrumb\"},\"inLanguage\":\"fr-FR\",\"potentialAction\":[{\"@type\":\"ReadAction\",\"target\":[\"http:\/\/kine-praxis-tassin.fr\/index.php\/tarifs-et-modalites-de-paiement\/\"]}]},{\"@type\":\"BreadcrumbList\",\"@id\":\"http:\/\/kine-praxis-tassin.fr\/index.php\/tarifs-et-modalites-de-paiement\/#breadcrumb\",\"itemListElement\":[{\"@type\":\"ListItem\",\"position\":1,\"name\":\"Accueil\",\"item\":\"https:\/\/kine-praxis-tassin.fr\/\"},{\"@type\":\"ListItem\",\"position\":2,\"name\":\"Tarifs et modalit\u00e9s de paiement\"}]},{\"@type\":\"WebSite\",\"@id\":\"https:\/\/kine-praxis-tassin.fr\/#website\",\"url\":\"https:\/\/kine-praxis-tassin.fr\/\",\"name\":\"Kin\u00e9 Praxis tassin\",\"description\":\"cabinet kin\u00e9sith\u00e9rapie\",\"publisher\":{\"@id\":\"https:\/\/kine-praxis-tassin.fr\/#organization\"},\"potentialAction\":[{\"@type\":\"SearchAction\",\"target\":{\"@type\":\"EntryPoint\",\"urlTemplate\":\"https:\/\/kine-praxis-tassin.fr\/?s={search_term_string}\"},\"query-input\":{\"@type\":\"PropertyValueSpecification\",\"valueRequired\":true,\"valueName\":\"search_term_string\"}}],\"inLanguage\":\"fr-FR\"},{\"@type\":\"Organization\",\"@id\":\"https:\/\/kine-praxis-tassin.fr\/#organization\",\"name\":\"Kin\u00e9 praxis tassin\",\"url\":\"https:\/\/kine-praxis-tassin.fr\/\",\"logo\":{\"@type\":\"ImageObject\",\"inLanguage\":\"fr-FR\",\"@id\":\"https:\/\/kine-praxis-tassin.fr\/#\/schema\/logo\/image\/\",\"url\":\"http:\/\/kine-praxis-tassin.fr\/wp-content\/uploads\/2021\/10\/logo-kine-praxis-web-1.png\",\"contentUrl\":\"http:\/\/kine-praxis-tassin.fr\/wp-content\/uploads\/2021\/10\/logo-kine-praxis-web-1.png\",\"width\":204,\"height\":204,\"caption\":\"Kin\u00e9 praxis tassin\"},\"image\":{\"@id\":\"https:\/\/kine-praxis-tassin.fr\/#\/schema\/logo\/image\/\"},\"sameAs\":[\"https:\/\/www.facebook.com\/Kinepraxistassin\"]}]}<\/script>\n<!-- \/ Yoast SEO plugin. -->","yoast_head_json":{"title":"Tarifs et modalit\u00e9s de paiement - Kin\u00e9 Praxis tassin","robots":{"index":"index","follow":"follow","max-snippet":"max-snippet:-1","max-image-preview":"max-image-preview:large","max-video-preview":"max-video-preview:-1"},"canonical":"http:\/\/kine-praxis-tassin.fr\/index.php\/tarifs-et-modalites-de-paiement\/","og_locale":"fr_FR","og_type":"article","og_title":"Tarifs et modalit\u00e9s de paiement - Kin\u00e9 Praxis tassin","og_description":"Tarifs &nbsp;Chaque kin\u00e9sith\u00e9rapeute est conventionn\u00e9 par la s\u00e9curit\u00e9 sociale, mais nous appliquons un d\u00e9passement d&rsquo;honoraire de 5 euros par s\u00e9ance. Cela signifie que si vous \u00eates affili\u00e9 \u00e0 la CPAM et que vous avez une mutuelle, vous avancerez l&rsquo;enti\u00e8ret\u00e9 des soins mais serez rembours\u00e9 presque enti\u00e8rement car seul le d\u00e9passement restera \u00e0 votre charge. En [&hellip;]","og_url":"http:\/\/kine-praxis-tassin.fr\/index.php\/tarifs-et-modalites-de-paiement\/","og_site_name":"Kin\u00e9 Praxis tassin","article_publisher":"https:\/\/www.facebook.com\/Kinepraxistassin","article_modified_time":"2025-04-21T20:26:05+00:00","og_image":[{"width":204,"height":204,"url":"http:\/\/kine-praxis-tassin.fr\/wp-content\/uploads\/2021\/10\/logo-kine-praxis-web-1.png","type":"image\/png"}],"twitter_card":"summary_large_image","twitter_misc":{"Dur\u00e9e de lecture estim\u00e9e":"1 minute"},"schema":{"@context":"https:\/\/schema.org","@graph":[{"@type":"WebPage","@id":"http:\/\/kine-praxis-tassin.fr\/index.php\/tarifs-et-modalites-de-paiement\/","url":"http:\/\/kine-praxis-tassin.fr\/index.php\/tarifs-et-modalites-de-paiement\/","name":"Tarifs et modalit\u00e9s de paiement - Kin\u00e9 Praxis tassin","isPartOf":{"@id":"https:\/\/kine-praxis-tassin.fr\/#website"},"datePublished":"2021-10-30T07:48:33+00:00","dateModified":"2025-04-21T20:26:05+00:00","breadcrumb":{"@id":"http:\/\/kine-praxis-tassin.fr\/index.php\/tarifs-et-modalites-de-paiement\/#breadcrumb"},"inLanguage":"fr-FR","potentialAction":[{"@type":"ReadAction","target":["http:\/\/kine-praxis-tassin.fr\/index.php\/tarifs-et-modalites-de-paiement\/"]}]},{"@type":"BreadcrumbList","@id":"http:\/\/kine-praxis-tassin.fr\/index.php\/tarifs-et-modalites-de-paiement\/#breadcrumb","itemListElement":[{"@type":"ListItem","position":1,"name":"Accueil","item":"https:\/\/kine-praxis-tassin.fr\/"},{"@type":"ListItem","position":2,"name":"Tarifs et modalit\u00e9s de paiement"}]},{"@type":"WebSite","@id":"https:\/\/kine-praxis-tassin.fr\/#website","url":"https:\/\/kine-praxis-tassin.fr\/","name":"Kin\u00e9 Praxis tassin","description":"cabinet kin\u00e9sith\u00e9rapie","publisher":{"@id":"https:\/\/kine-praxis-tassin.fr\/#organization"},"potentialAction":[{"@type":"SearchAction","target":{"@type":"EntryPoint","urlTemplate":"https:\/\/kine-praxis-tassin.fr\/?s={search_term_string}"},"query-input":{"@type":"PropertyValueSpecification","valueRequired":true,"valueName":"search_term_string"}}],"inLanguage":"fr-FR"},{"@type":"Organization","@id":"https:\/\/kine-praxis-tassin.fr\/#organization","name":"Kin\u00e9 praxis tassin","url":"https:\/\/kine-praxis-tassin.fr\/","logo":{"@type":"ImageObject","inLanguage":"fr-FR","@id":"https:\/\/kine-praxis-tassin.fr\/#\/schema\/logo\/image\/","url":"http:\/\/kine-praxis-tassin.fr\/wp-content\/uploads\/2021\/10\/logo-kine-praxis-web-1.png","contentUrl":"http:\/\/kine-praxis-tassin.fr\/wp-content\/uploads\/2021\/10\/logo-kine-praxis-web-1.png","width":204,"height":204,"caption":"Kin\u00e9 praxis tassin"},"image":{"@id":"https:\/\/kine-praxis-tassin.fr\/#\/schema\/logo\/image\/"},"sameAs":["https:\/\/www.facebook.com\/Kinepraxistassin"]}]}},"_links":{"self":[{"href":"http:\/\/kine-praxis-tassin.fr\/index.php\/wp-json\/wp\/v2\/pages\/829","targetHints":{"allow":["GET"]}}],"collection":[{"href":"http:\/\/kine-praxis-tassin.fr\/index.php\/wp-json\/wp\/v2\/pages"}],"about":[{"href":"http:\/\/kine-praxis-tassin.fr\/index.php\/wp-json\/wp\/v2\/types\/page"}],"author":[{"embeddable":true,"href":"http:\/\/kine-praxis-tassin.fr\/index.php\/wp-json\/wp\/v2\/users\/1"}],"replies":[{"embeddable":true,"href":"http:\/\/kine-praxis-tassin.fr\/index.php\/wp-json\/wp\/v2\/comments?post=829"}],"version-history":[{"count":28,"href":"http:\/\/kine-praxis-tassin.fr\/index.php\/wp-json\/wp\/v2\/pages\/829\/revisions"}],"predecessor-version":[{"id":1080,"href":"http:\/\/kine-praxis-tassin.fr\/index.php\/wp-json\/wp\/v2\/pages\/829\/revisions\/1080"}],"wp:attachment":[{"href":"http:\/\/kine-praxis-tassin.fr\/index.php\/wp-json\/wp\/v2\/media?parent=829"}],"curies":[{"name":"wp","href":"https:\/\/api.w.org\/{rel}","templated":true}]}}